{"id":949,"date":"2026-02-19T14:26:26","date_gmt":"2026-02-19T13:26:26","guid":{"rendered":"https:\/\/empirica.com\/zeroit-project\/?page_id=949"},"modified":"2026-02-23T14:19:53","modified_gmt":"2026-02-23T13:19:53","slug":"follower-netzwerk","status":"publish","type":"page","link":"https:\/\/empirica.com\/zeroit-project\/de\/follower-netzwerk\/","title":{"rendered":"Follower Netzwerk"},"content":{"rendered":"\t\t<div data-elementor-type=\"wp-page\" data-elementor-id=\"949\" class=\"elementor elementor-949\" data-elementor-post-type=\"page\">\n\t\t\t\t<div class=\"elementor-element elementor-element-d03d86d e-flex e-con-boxed e-con e-parent\" data-id=\"d03d86d\" data-element_type=\"container\" data-e-type=\"container\">\n\t\t\t\t\t<div class=\"e-con-inner\">\n\t\t\t\t<div class=\"elementor-element elementor-element-9fa05a2 elementor-widget elementor-widget-text-editor\" data-id=\"9fa05a2\" data-element_type=\"widget\" data-e-type=\"widget\" data-widget_type=\"text-editor.default\">\n\t\t\t\t\t\t\t\t\t<p>ZEROit l\u00e4dt Kommunen, regionale Beh\u00f6rden, Netzwerke, (nicht-)staatliche Organisationen, Projekte\/Cluster und andere interessierte Akteure der Bauindustrie ein, Mitglied des ZEROit Follower Netzwerks zu werden. Follower gehen keine Verpflichtungen ein und die Teilnahme ist kostenlos. Weitere Informationen finden Sie unten.<\/p><p>Wenn Sie Follower werden m\u00f6chten, reichen Sie bitte das Formular ein oder kontaktieren Sie uns \u00fcber Ihren bilateralen Ansprechpartner. Wir nehmen Sie in den Newsletter auf, laden Sie zu Follower Events ein und f\u00fcgen Ihre Organisation mit dem Logo zur untenstehenden Liste hinzu.<\/p>\t\t\t\t\t\t\t\t<\/div>\n\t\t\t\t\t<\/div>\n\t\t\t\t<\/div>\n\t\t<div class=\"elementor-element elementor-element-2c30251 e-grid e-con-boxed e-con e-parent\" data-id=\"2c30251\" data-element_type=\"container\" data-e-type=\"container\">\n\t\t\t\t\t<div class=\"e-con-inner\">\n\t\t\t\t<div class=\"elementor-element elementor-element-46d76fa elementor-widget elementor-widget-text-editor\" data-id=\"46d76fa\" data-element_type=\"widget\" data-e-type=\"widget\" data-widget_type=\"text-editor.default\">\n\t\t\t\t\t\t\t\t\t<h3><strong>Vorteile f\u00fcr Follower<\/strong><\/h3><p>Kommunen, Netzwerke, (nicht-)staatliche Organisationen, Projekte und andere Interessengruppen, die sich der gemeinsamen Herausforderung von ZEROit stellen. Die Vorteile f\u00fcr Follower sind:<\/p><ul><li>Einblicke aus erster Hand in die ZEROit-L\u00f6sung;<\/li><li>Zugang zu Tests des Tools im Jahr 2028;<\/li><li>Vorrang bei der Einf\u00fchrung erfolgreicher L\u00f6sungen.<\/li><\/ul>\t\t\t\t\t\t\t\t<\/div>\n\t\t\t\t<div class=\"elementor-element elementor-element-e7711ea elementor-widget elementor-widget-text-editor\" data-id=\"e7711ea\" data-element_type=\"widget\" data-e-type=\"widget\" data-widget_type=\"text-editor.default\">\n\t\t\t\t\t\t\t\t\t<h3><strong>Bevorstehend<\/strong><\/h3><p><strong>5 M\u00e4rz 2026: Follower Event<\/strong><\/p><p><a href=\"https:\/\/events.teams.microsoft.com\/event\/cf199ced-4f53-4b12-a7f5-09ea68cabfc9@aace4990-6887-4ec9-8cb5-d778e7c06fe8\" target=\"_blank\" rel=\"noopener\">Anmeldelink<\/a><\/p>\t\t\t\t\t\t\t\t<\/div>\n\t\t\t\t\t<\/div>\n\t\t\t\t<\/div>\n\t\t<div class=\"elementor-element elementor-element-8f97c14 e-flex e-con-boxed e-con e-parent\" data-id=\"8f97c14\" data-element_type=\"container\" data-e-type=\"container\">\n\t\t\t\t\t<div class=\"e-con-inner\">\n\t\t\t\t<div class=\"elementor-element elementor-element-714f844 elementor-widget elementor-widget-spacer\" data-id=\"714f844\" data-element_type=\"widget\" data-e-type=\"widget\" data-widget_type=\"spacer.default\">\n\t\t\t\t\t\t\t<div class=\"elementor-spacer\">\n\t\t\t<div class=\"elementor-spacer-inner\"><\/div>\n\t\t<\/div>\n\t\t\t\t\t\t<\/div>\n\t\t\t\t<div class=\"elementor-element elementor-element-108fddd elementor-widget elementor-widget-heading\" data-id=\"108fddd\" data-element_type=\"widget\" data-e-type=\"widget\" data-widget_type=\"heading.default\">\n\t\t\t\t\t<h2 class=\"elementor-heading-title elementor-size-default\">M\u00f6chten Sie als Follower beitreten oder weitere Informationen erhalten?<\/h2>\t\t\t\t<\/div>\n\t\t<div class=\"elementor-element elementor-element-57fdee1 e-grid e-con-full e-con e-child\" data-id=\"57fdee1\" data-element_type=\"container\" data-e-type=\"container\">\n\t\t\t\t<div class=\"elementor-element elementor-element-a510c43 elementor-align-right elementor-widget elementor-widget-button\" data-id=\"a510c43\" data-element_type=\"widget\" data-e-type=\"widget\" data-widget_type=\"button.default\">\n\t\t\t\t\t\t\t\t\t\t<a class=\"elementor-button elementor-button-link elementor-size-sm\" href=\"https:\/\/empirica.com\/zeroit-project\/en\/follower-network\/join-follower-network\/\">\n\t\t\t\t\t\t<span class=\"elementor-button-content-wrapper\">\n\t\t\t\t\t\t\t\t\t<span class=\"elementor-button-text\">Dem Follower-Netzwerk beitreten<\/span>\n\t\t\t\t\t<\/span>\n\t\t\t\t\t<\/a>\n\t\t\t\t\t\t\t\t<\/div>\n\t\t\t\t<div class=\"elementor-element elementor-element-fe0d420 elementor-widget elementor-widget-button\" data-id=\"fe0d420\" data-element_type=\"widget\" data-e-type=\"widget\" data-widget_type=\"button.default\">\n\t\t\t\t\t\t\t\t\t\t<a class=\"elementor-button elementor-button-link elementor-size-sm\" href=\"https:\/\/empirica.com\/zeroit-project\/en\/contact\/\">\n\t\t\t\t\t\t<span class=\"elementor-button-content-wrapper\">\n\t\t\t\t\t\t\t\t\t<span class=\"elementor-button-text\">Uns kontaktieren <\/span>\n\t\t\t\t\t<\/span>\n\t\t\t\t\t<\/a>\n\t\t\t\t\t\t\t\t<\/div>\n\t\t\t\t<\/div>\n\t\t\t\t\t<\/div>\n\t\t\t\t<\/div>\n\t\t<div class=\"elementor-element elementor-element-b239259 e-flex e-con-boxed e-con e-parent\" data-id=\"b239259\" data-element_type=\"container\" data-e-type=\"container\">\n\t\t\t\t\t<div class=\"e-con-inner\">\n\t\t\t\t<div class=\"elementor-element elementor-element-be75888 elementor-widget elementor-widget-spacer\" data-id=\"be75888\" data-element_type=\"widget\" data-e-type=\"widget\" data-widget_type=\"spacer.default\">\n\t\t\t\t\t\t\t<div class=\"elementor-spacer\">\n\t\t\t<div class=\"elementor-spacer-inner\"><\/div>\n\t\t<\/div>\n\t\t\t\t\t\t<\/div>\n\t\t\t\t<div class=\"elementor-element elementor-element-1ab413e elementor-widget elementor-widget-heading\" data-id=\"1ab413e\" data-element_type=\"widget\" data-e-type=\"widget\" data-widget_type=\"heading.default\">\n\t\t\t\t\t<h2 class=\"elementor-heading-title elementor-size-default\"><p><b><span>Best\u00e4tigte Follower<\/span><\/b><span><\/span><\/p><\/h2>\t\t\t\t<\/div>\n\t\t\t\t\t<\/div>\n\t\t\t\t<\/div>\n\t\t<div class=\"elementor-element elementor-element-f8e60f1 e-flex e-con-boxed e-con e-parent\" data-id=\"f8e60f1\" data-element_type=\"container\" data-e-type=\"container\">\n\t\t\t\t\t<div class=\"e-con-inner\">\n\t\t\t\t<div class=\"elementor-element elementor-element-d2f7c6b elementor-widget elementor-widget-heading\" data-id=\"d2f7c6b\" data-element_type=\"widget\" data-e-type=\"widget\" data-widget_type=\"heading.default\">\n\t\t\t\t\t<h3 class=\"elementor-heading-title elementor-size-default\">St\u00e4dte &amp; Regionen<\/h3>\t\t\t\t<\/div>\n\t\t\t\t<div class=\"elementor-element elementor-element-e7b7502 elementor-grid-3 elementor-grid-tablet-2 elementor-grid-mobile-1 elementor-widget elementor-widget-loop-grid\" data-id=\"e7b7502\" data-element_type=\"widget\" data-e-type=\"widget\" data-settings=\"{&quot;template_id&quot;:&quot;868&quot;,&quot;_skin&quot;:&quot;post&quot;,&quot;columns&quot;:&quot;3&quot;,&quot;columns_tablet&quot;:&quot;2&quot;,&quot;columns_mobile&quot;:&quot;1&quot;,&quot;edit_handle_selector&quot;:&quot;[data-elementor-type=\\&quot;loop-item\\&quot;]&quot;,&quot;row_gap&quot;:{&quot;unit&quot;:&quot;px&quot;,&quot;size&quot;:&quot;&quot;,&quot;sizes&quot;:[]},&quot;row_gap_tablet&quot;:{&quot;unit&quot;:&quot;px&quot;,&quot;size&quot;:&quot;&quot;,&quot;sizes&quot;:[]},&quot;row_gap_mobile&quot;:{&quot;unit&quot;:&quot;px&quot;,&quot;size&quot;:&quot;&quot;,&quot;sizes&quot;:[]}}\" data-widget_type=\"loop-grid.post\">\n\t\t\t\t<div class=\"elementor-widget-container\">\n\t\t\t\t\t\t\t<div class=\"elementor-loop-container elementor-grid\" role=\"list\">\n\t\t<style id=\"loop-868\">.elementor-868 .elementor-element.elementor-element-e640d8f{--display:flex;}.elementor-868 .elementor-element.elementor-element-5871bea .elementor-flip-box{height:180px;}.elementor-868 .elementor-element.elementor-element-5871bea .elementor-flip-box__front{background-color:#FFFFFF;box-shadow:2px 2px 10px 0px rgba(0,0,0,0.5);}.elementor-868 .elementor-element.elementor-element-5871bea .elementor-flip-box__front .elementor-flip-box__layer__overlay{padding:0px 0px 0px 0px;text-align:center;justify-content:center;}.elementor-868 .elementor-element.elementor-element-5871bea .elementor-flip-box__image{margin-bottom:0px;opacity:1;}.elementor-868 .elementor-element.elementor-element-5871bea .elementor-flip-box__image img{width:75%;}.elementor-868 .elementor-element.elementor-element-5871bea .elementor-flip-box__back{background-color:var( --e-global-color-primary );}.elementor-868 .elementor-element.elementor-element-5871bea .elementor-flip-box__back .elementor-flip-box__layer__overlay{text-align:center;}.elementor-868 .elementor-element.elementor-element-5871bea .elementor-flip-box__button{margin-inline-center:0;}.elementor-868 .elementor-element.elementor-element-5871bea .elementor-flip-box__back .elementor-flip-box__layer__title{margin-bottom:20px;font-size:1.1em;}.elementor-868 .elementor-element.elementor-element-5871bea{padding:0px 0px 0px 0px;}<\/style>\t\t<div data-elementor-type=\"loop-item\" data-elementor-id=\"868\" class=\"elementor elementor-868 e-loop-item e-loop-item-993 post-993 follower type-follower status-publish has-post-thumbnail hentry follower-type-cities-and-regions\" data-elementor-post-type=\"elementor_library\" data-custom-edit-handle=\"1\">\n\t\t\t<div class=\"elementor-element elementor-element-e640d8f e-flex e-con-boxed e-con e-parent\" data-id=\"e640d8f\" data-element_type=\"container\" data-e-type=\"container\">\n\t\t\t\t\t<div class=\"e-con-inner\">\n\t\t\t\t<div class=\"elementor-element elementor-element-5871bea elementor-flip-box--effect-flip elementor-flip-box--direction-up elementor-widget elementor-widget-flip-box\" data-id=\"5871bea\" data-element_type=\"widget\" data-e-type=\"widget\" data-widget_type=\"flip-box.default\">\n\t\t\t\t\t\t\t<div class=\"elementor-flip-box\" tabindex=\"0\">\n\t\t\t<div class=\"elementor-flip-box__layer elementor-flip-box__front\">\n\t\t\t\t<div class=\"elementor-flip-box__layer__overlay\">\n\t\t\t\t\t<div class=\"elementor-flip-box__layer__inner\">\n\t\t\t\t\t\t\t\t\t\t\t\t\t<div class=\"elementor-flip-box__image\">\n\t\t\t\t\t\t\t\t<img fetchpriority=\"high\" decoding=\"async\" width=\"400\" height=\"210\" src=\"https:\/\/empirica.com\/zeroit-project\/wp-content\/uploads\/sites\/3\/2026\/03\/het-facilitair-bedrijf-vlaamse-overheid.jpg\" class=\"attachment-full size-full wp-image-995\" alt=\"het facilitair bedrijf vlaamse overheid\" srcset=\"https:\/\/empirica.com\/zeroit-project\/wp-content\/uploads\/sites\/3\/2026\/03\/het-facilitair-bedrijf-vlaamse-overheid.jpg 400w, https:\/\/empirica.com\/zeroit-project\/wp-content\/uploads\/sites\/3\/2026\/03\/het-facilitair-bedrijf-vlaamse-overheid-300x158.jpg 300w\" sizes=\"(max-width: 400px) 100vw, 400px\" \/>\t\t\t\t\t\t\t<\/div>\n\t\t\t\t\t\t\n\t\t\t\t\t\t\n\t\t\t\t\t\t\t\t\t\t\t<\/div>\n\t\t\t\t<\/div>\n\t\t\t<\/div>\n\t\t\t<div class=\"elementor-flip-box__layer elementor-flip-box__back\">\n\t\t\t<div class=\"elementor-flip-box__layer__overlay\">\n\t\t\t\t<div class=\"elementor-flip-box__layer__inner\">\n\t\t\t\t\t\t\t\t\t\t\t<h3 class=\"elementor-flip-box__layer__title\">\n\t\t\t\t\t\t\tVlaamse overheid &#8211; agentschap Facilitair Bedrijf (Flemish government &#8211; agency for facilities management)\t\t\t\t\t\t<\/h3>\n\t\t\t\t\t\n\t\t\t\t\t\n\t\t\t\t\t\t\t\t\t\t\t<a class=\"elementor-flip-box__button elementor-button elementor-size-sm\" href=\"https:\/\/www.vlaanderen.be\/het-facilitair-bedrijf\" target=\"_blank\" rel=\"noopener\">\n\t\t\t\t\t\t\tWebsite\t\t\t\t\t\t<\/a>\n\t\t\t\t\t\t\t\t<\/div>\n\t\t<\/div>\n\t\t<\/div>\n\t\t<\/div>\n\t\t\t\t\t\t<\/div>\n\t\t\t\t\t<\/div>\n\t\t\t\t<\/div>\n\t\t\t\t<\/div>\n\t\t\t\t<\/div>\n\t\t\n\t\t\t\t\t\t<\/div>\n\t\t\t\t<\/div>\n\t\t\t\t\t<\/div>\n\t\t\t\t<\/div>\n\t\t<div class=\"elementor-element elementor-element-38b12ce e-flex e-con-boxed e-con e-parent\" data-id=\"38b12ce\" data-element_type=\"container\" data-e-type=\"container\">\n\t\t\t\t\t<div class=\"e-con-inner\">\n\t\t\t\t<div class=\"elementor-element elementor-element-d82de09 elementor-widget elementor-widget-heading\" data-id=\"d82de09\" data-element_type=\"widget\" data-e-type=\"widget\" data-widget_type=\"heading.default\">\n\t\t\t\t\t<h3 class=\"elementor-heading-title elementor-size-default\">Initiativen, Netzwerk-\/Clusterorganisationen, Projekte<\/h3>\t\t\t\t<\/div>\n\t\t\t\t<div class=\"elementor-element elementor-element-d77f8e7 elementor-grid-3 elementor-grid-tablet-2 elementor-grid-mobile-1 elementor-widget elementor-widget-loop-grid\" data-id=\"d77f8e7\" data-element_type=\"widget\" data-e-type=\"widget\" data-settings=\"{&quot;template_id&quot;:&quot;868&quot;,&quot;_skin&quot;:&quot;post&quot;,&quot;columns&quot;:&quot;3&quot;,&quot;columns_tablet&quot;:&quot;2&quot;,&quot;columns_mobile&quot;:&quot;1&quot;,&quot;edit_handle_selector&quot;:&quot;[data-elementor-type=\\&quot;loop-item\\&quot;]&quot;,&quot;row_gap&quot;:{&quot;unit&quot;:&quot;px&quot;,&quot;size&quot;:&quot;&quot;,&quot;sizes&quot;:[]},&quot;row_gap_tablet&quot;:{&quot;unit&quot;:&quot;px&quot;,&quot;size&quot;:&quot;&quot;,&quot;sizes&quot;:[]},&quot;row_gap_mobile&quot;:{&quot;unit&quot;:&quot;px&quot;,&quot;size&quot;:&quot;&quot;,&quot;sizes&quot;:[]}}\" data-widget_type=\"loop-grid.post\">\n\t\t\t\t<div class=\"elementor-widget-container\">\n\t\t\t\t\t\t\t<div class=\"elementor-loop-container elementor-grid\" role=\"list\">\n\t\t\t\t<div data-elementor-type=\"loop-item\" data-elementor-id=\"868\" class=\"elementor elementor-868 e-loop-item e-loop-item-1008 post-1008 follower type-follower status-publish has-post-thumbnail hentry follower-type-initiatives-network-cluster-organisations-projects\" data-elementor-post-type=\"elementor_library\" data-custom-edit-handle=\"1\">\n\t\t\t<div class=\"elementor-element elementor-element-e640d8f e-flex e-con-boxed e-con e-parent\" data-id=\"e640d8f\" data-element_type=\"container\" data-e-type=\"container\">\n\t\t\t\t\t<div class=\"e-con-inner\">\n\t\t\t\t<div class=\"elementor-element elementor-element-5871bea elementor-flip-box--effect-flip elementor-flip-box--direction-up elementor-widget elementor-widget-flip-box\" data-id=\"5871bea\" data-element_type=\"widget\" data-e-type=\"widget\" data-widget_type=\"flip-box.default\">\n\t\t\t\t\t\t\t<div class=\"elementor-flip-box\" tabindex=\"0\">\n\t\t\t<div class=\"elementor-flip-box__layer elementor-flip-box__front\">\n\t\t\t\t<div class=\"elementor-flip-box__layer__overlay\">\n\t\t\t\t\t<div class=\"elementor-flip-box__layer__inner\">\n\t\t\t\t\t\t\t\t\t\t\t\t\t<div class=\"elementor-flip-box__image\">\n\t\t\t\t\t\t\t\t<img decoding=\"async\" width=\"729\" height=\"162\" src=\"https:\/\/empirica.com\/zeroit-project\/wp-content\/uploads\/sites\/3\/2026\/04\/logo-20240305_DE-69dca14b0af69-e1776068963695.png\" class=\"attachment-full size-full wp-image-1007\" alt=\"logo 20240305 DE\" \/>\t\t\t\t\t\t\t<\/div>\n\t\t\t\t\t\t\n\t\t\t\t\t\t\n\t\t\t\t\t\t\t\t\t\t\t<\/div>\n\t\t\t\t<\/div>\n\t\t\t<\/div>\n\t\t\t<div class=\"elementor-flip-box__layer elementor-flip-box__back\">\n\t\t\t<div class=\"elementor-flip-box__layer__overlay\">\n\t\t\t\t<div class=\"elementor-flip-box__layer__inner\">\n\t\t\t\t\t\t\t\t\t\t\t<h3 class=\"elementor-flip-box__layer__title\">\n\t\t\t\t\t\t\tNationale Kontaktstelle f\u00fcr URBACT und die Europ\u00e4ische Stadtinitiative (National Contact Point for URBACT and EUI)\t\t\t\t\t\t<\/h3>\n\t\t\t\t\t\n\t\t\t\t\t\n\t\t\t\t\t\t\t\t\t\t\t<a class=\"elementor-flip-box__button elementor-button elementor-size-sm\" href=\"https:\/\/www.urban-initiative.eu\/urban-contact-points\/germany\" target=\"_blank\" rel=\"noopener\">\n\t\t\t\t\t\t\tWebsite\t\t\t\t\t\t<\/a>\n\t\t\t\t\t\t\t\t<\/div>\n\t\t<\/div>\n\t\t<\/div>\n\t\t<\/div>\n\t\t\t\t\t\t<\/div>\n\t\t\t\t\t<\/div>\n\t\t\t\t<\/div>\n\t\t\t\t<\/div>\n\t\t\t\t<\/div>\n\t\t\n\t\t\t\t\t\t<\/div>\n\t\t\t\t<\/div>\n\t\t\t\t\t<\/div>\n\t\t\t\t<\/div>\n\t\t\t\t<\/div>\n\t\t","protected":false},"excerpt":{"rendered":"<p>ZEROit l\u00e4dt Kommunen, regionale Beh\u00f6rden, Netzwerke, (nicht-)staatliche Organisationen, Projekte\/Cluster und andere interessierte Akteure der Bauindustrie ein, Mitglied des ZEROit Follower Netzwerks zu werden. Follower gehen keine Verpflichtungen ein und die Teilnahme ist kostenlos. Weitere Informationen finden Sie unten. Wenn Sie Follower werden m\u00f6chten, reichen Sie bitte das Formular ein oder kontaktieren Sie uns \u00fcber Ihren [&hellip;]<\/p>\n","protected":false},"author":11,"featured_media":0,"parent":0,"menu_order":0,"comment_status":"closed","ping_status":"closed","template":"","meta":{"_acf_changed":false,"footnotes":""},"class_list":["post-949","page","type-page","status-publish","hentry"],"acf":[],"_links":{"self":[{"href":"https:\/\/empirica.com\/zeroit-project\/wp-json\/wp\/v2\/pages\/949","targetHints":{"allow":["GET"]}}],"collection":[{"href":"https:\/\/empirica.com\/zeroit-project\/wp-json\/wp\/v2\/pages"}],"about":[{"href":"https:\/\/empirica.com\/zeroit-project\/wp-json\/wp\/v2\/types\/page"}],"author":[{"embeddable":true,"href":"https:\/\/empirica.com\/zeroit-project\/wp-json\/wp\/v2\/users\/11"}],"replies":[{"embeddable":true,"href":"https:\/\/empirica.com\/zeroit-project\/wp-json\/wp\/v2\/comments?post=949"}],"version-history":[{"count":11,"href":"https:\/\/empirica.com\/zeroit-project\/wp-json\/wp\/v2\/pages\/949\/revisions"}],"predecessor-version":[{"id":984,"href":"https:\/\/empirica.com\/zeroit-project\/wp-json\/wp\/v2\/pages\/949\/revisions\/984"}],"wp:attachment":[{"href":"https:\/\/empirica.com\/zeroit-project\/wp-json\/wp\/v2\/media?parent=949"}],"curies":[{"name":"wp","href":"https:\/\/api.w.org\/{rel}","templated":true}]}}